{"id":198,"date":"2017-09-18T12:50:44","date_gmt":"2017-09-18T12:50:44","guid":{"rendered":"https:\/\/atmosphera.ee\/?page_id=198"},"modified":"2023-06-29T14:08:27","modified_gmt":"2023-06-29T11:08:27","slug":"stuudio-rent","status":"publish","type":"page","link":"https:\/\/atmosphera.ee\/et\/stuudio-rent\/","title":{"rendered":"Stuudio rent \/ Hinnad"},"content":{"rendered":"<p><img loading=\"lazy\" class=\"alignleft wp-image-327\" src=\"https:\/\/atmosphera.ee\/wp-content\/uploads\/2021\/04\/1I3A6007-300x200.jpg\" alt=\"\" width=\"400\" height=\"267\" srcset=\"https:\/\/atmosphera.ee\/wp-content\/uploads\/2021\/04\/1I3A6007-300x200.jpg 300w, https:\/\/atmosphera.ee\/wp-content\/uploads\/2021\/04\/1I3A6007-1024x683.jpg 1024w, https:\/\/atmosphera.ee\/wp-content\/uploads\/2021\/04\/1I3A6007-768x512.jpg 768w, https:\/\/atmosphera.ee\/wp-content\/uploads\/2021\/04\/1I3A6007-1536x1024.jpg 1536w, https:\/\/atmosphera.ee\/wp-content\/uploads\/2021\/04\/1I3A6007-2048x1365.jpg 2048w, https:\/\/atmosphera.ee\/wp-content\/uploads\/2021\/04\/1I3A6007-750x500.jpg 750w, https:\/\/atmosphera.ee\/wp-content\/uploads\/2021\/04\/1I3A6007-665x443.jpg 665w\" sizes=\"(max-width: 400px) 100vw, 400px\" \/><\/p>\n<p>Stuudiot renditakse tervikuna.<br \/>\n\u00dc\u00fcrilev\u00f5tja kasutusse on antud ruum \u00fcrituste l\u00e4biviimiseks, sh n\u00f5ud ja s\u00f6\u00f6giriistad, televiisor, kohvimasin (kohviubadega) ja veekeetja, samuti k\u00f6\u00f6gi kasutamise v\u00f5imalus mikrolaineahju, k\u00fclmiku ja n\u00f5udepesumasinaga.<br \/>\n&nbsp;<br \/>\n&nbsp;<br \/>\n&nbsp;<br \/>\n&nbsp;<br \/>\n<strong>\u00dc\u00fcrihind:<\/strong><\/p>\n<div>Esmasp\u00e4evast p\u00fchap\u00e4evani: <b>30\u20ac<\/b>\/tund<\/div>\n<div><i>Stuudio minimaalne rendiperiood on 2 tundi.<\/i><\/div>\n<div><\/div>\n<div>Stuudiokoristus (kohustuskik): 30\u20ac<\/div>\n<div><i>NB! Pabershow, konfetti v\u00f5i seebimullide kasutamise juhul tavapuhastuse maksumusele lisandub<b> 10\u20ac.<\/b><\/i><\/div>\n<div><\/div>\n<div>Broneeringu kinnitamiseks tuleb tasuda ettemaksu <b>50\u20ac.<\/b><\/div>\n<div><\/div>\n<div>Ettemaksu saab tasuda panga\u00fclekandega arveldusarvele <b>EE412200221056965473, O\u00dc Innergy.<\/b><\/div>\n<div><\/div>\n<div>Selgitusse palun lisada broneeringu teinud isiku nimi ja \u00fcrituse kuup\u00e4ev.<\/div>\n<div><\/div>\n<div>Ettemaksu ei tagastata, kuid see arvatakse maha broneeringu kogumaksumusest. \u00dclej\u00e4\u00e4nud summa saab tasuda kohapeal sularahas v\u00f5i panga\u00fclekandega enne \u00fcrituse algust.<\/div>\n<div><\/div>\n<div>Kui ettemaksu \u00f5igeaegselt ei laeku, siis broneering t\u00fchistatakse automaatselt.<\/div>\n<div><\/div>\n<div>Rohkem kui 7 t\u00e4isp\u00e4eva ette t\u00fchistamisel tagastatakse tagatisraha <b>45\u20ac<\/b> (5\u20ac administratiivsed ja raamatupidamise kulud).<\/div>\n<div><\/div>\n<div>Juhul kui broneeringut t\u00fchistakse 7 p\u00e4eva v\u00f5i v\u00e4hem ettemaksu ei tagastata.<\/div>\n<div><\/div>\n<div>Etten\u00e4gematute asjaolude (n\u00e4iteks, haigestumise) korral on v\u00f5imalik kokku leppida uut kuup\u00e4eva \u00fcrituse toimumiseks. \u00dcrituse uus kuup\u00e4ev tuleb valida hiljemalt 30 p\u00e4eva jooksul alates esialgse broneeringu kuup\u00e4evast.<\/div>\n<div><\/div>\n<div>NB! Enne broneeringu tegemist lugege palun <a href=\"https:\/\/atmosphera.ee\/et\/stuudio-reeglid\/\" target=\"_blank\" rel=\"noopener\">STUUDIO REEGLID<\/a> hoolikalt l\u00e4bi.<\/div>\n","protected":false},"excerpt":{"rendered":"<p>Stuudiot renditakse tervikuna. \u00dc\u00fcrilev\u00f5tja kasutusse on antud ruum \u00fcrituste l\u00e4biviimiseks, sh n\u00f5ud ja s\u00f6\u00f6giriistad, televiisor, kohvimasin (kohviubadega) ja veekeetja, samuti k\u00f6\u00f6gi kasutamise v\u00f5imalus mikrolaineahju, k\u00fclmiku ja n\u00f5udepesumasinaga. &nbsp; &nbsp; &nbsp; &nbsp; \u00dc\u00fcrihind: Esmasp\u00e4evast p\u00fchap\u00e4evani: 30\u20ac\/tund Stuudio minimaalne rendiperiood on 2 tundi. Stuudiokoristus (kohustuskik): 30\u20ac NB! Pabershow, konfetti v\u00f5i seebimullide kasutamise juhul tavapuhastuse maksumusele lisandub 10\u20ac. [&hellip;]<\/p>\n","protected":false},"author":1,"featured_media":0,"parent":0,"menu_order":0,"comment_status":"closed","ping_status":"closed","template":"templates\/narrow-width-page.php","meta":[],"yoast_head":"<!-- This site is optimized with the Yoast SEO plugin v17.7.1 - https:\/\/yoast.com\/wordpress\/plugins\/seo\/ -->\n<title>Stuudio rent \/ Hinnad - atmosphera.ee<\/title>\n<meta name=\"description\" content=\"Stuudiot renditakse tervikuna. \u00dc\u00fcrilev\u00f5tja kasutusse on antud ruum \u00fcrituste l\u00e4biviimiseks, sh n\u00f5ud ja s\u00f6\u00f6giriistad, televiisor, kohvimasin (kohviubadega)\" \/>\n<meta name=\"robots\" content=\"index, follow, max-snippet:-1, max-image-preview:large, max-video-preview:-1\" \/>\n<link rel=\"canonical\" href=\"https:\/\/atmosphera.ee\/et\/stuudio-rent\/\" \/>\n<meta property=\"og:locale\" content=\"et_EE\" \/>\n<meta property=\"og:type\" content=\"article\" \/>\n<meta property=\"og:title\" content=\"Stuudio rent \/ Hinnad - atmosphera.ee\" \/>\n<meta property=\"og:description\" content=\"Stuudiot renditakse tervikuna. \u00dc\u00fcrilev\u00f5tja kasutusse on antud ruum \u00fcrituste l\u00e4biviimiseks, sh n\u00f5ud ja s\u00f6\u00f6giriistad, televiisor, kohvimasin (kohviubadega)\" \/>\n<meta property=\"og:url\" content=\"https:\/\/atmosphera.ee\/et\/stuudio-rent\/\" \/>\n<meta property=\"og:site_name\" content=\"atmosphera.ee\" \/>\n<meta property=\"article:modified_time\" content=\"2023-06-29T11:08:27+00:00\" \/>\n<meta property=\"og:image\" content=\"https:\/\/atmosphera.ee\/wp-content\/uploads\/2021\/04\/1I3A6007-300x200.jpg\" \/>\n<meta name=\"twitter:card\" content=\"summary_large_image\" \/>\n<meta name=\"twitter:label1\" content=\"Est. reading time\" \/>\n\t<meta name=\"twitter:data1\" content=\"1 minut\" \/>\n<script type=\"application\/ld+json\" class=\"yoast-schema-graph\">{\"@context\":\"https:\/\/schema.org\",\"@graph\":[{\"@type\":\"Organization\",\"@id\":\"https:\/\/atmosphera.ee\/#organization\",\"name\":\"Atmosphera peostuudio\",\"url\":\"https:\/\/atmosphera.ee\/\",\"sameAs\":[],\"logo\":{\"@type\":\"ImageObject\",\"@id\":\"https:\/\/atmosphera.ee\/#logo\",\"inLanguage\":\"et\",\"url\":\"https:\/\/atmosphera.ee\/wp-content\/uploads\/2020\/12\/cropped-FullColor_1280x1024_300dpi-1.png\",\"contentUrl\":\"https:\/\/atmosphera.ee\/wp-content\/uploads\/2020\/12\/cropped-FullColor_1280x1024_300dpi-1.png\",\"width\":4263,\"height\":4266,\"caption\":\"Atmosphera peostuudio\"},\"image\":{\"@id\":\"https:\/\/atmosphera.ee\/#logo\"}},{\"@type\":\"WebSite\",\"@id\":\"https:\/\/atmosphera.ee\/#website\",\"url\":\"https:\/\/atmosphera.ee\/\",\"name\":\"atmosphera.ee\",\"description\":\"\",\"publisher\":{\"@id\":\"https:\/\/atmosphera.ee\/#organization\"},\"potentialAction\":[{\"@type\":\"SearchAction\",\"target\":{\"@type\":\"EntryPoint\",\"urlTemplate\":\"https:\/\/atmosphera.ee\/?s={search_term_string}\"},\"query-input\":\"required name=search_term_string\"}],\"inLanguage\":\"et\"},{\"@type\":\"ImageObject\",\"@id\":\"https:\/\/atmosphera.ee\/et\/stuudio-rent\/#primaryimage\",\"inLanguage\":\"et\",\"url\":\"https:\/\/atmosphera.ee\/wp-content\/uploads\/2021\/04\/1I3A6007-300x200.jpg\",\"contentUrl\":\"https:\/\/atmosphera.ee\/wp-content\/uploads\/2021\/04\/1I3A6007-300x200.jpg\"},{\"@type\":\"WebPage\",\"@id\":\"https:\/\/atmosphera.ee\/et\/stuudio-rent\/#webpage\",\"url\":\"https:\/\/atmosphera.ee\/et\/stuudio-rent\/\",\"name\":\"Stuudio rent \/ Hinnad - atmosphera.ee\",\"isPartOf\":{\"@id\":\"https:\/\/atmosphera.ee\/#website\"},\"primaryImageOfPage\":{\"@id\":\"https:\/\/atmosphera.ee\/et\/stuudio-rent\/#primaryimage\"},\"datePublished\":\"2017-09-18T12:50:44+00:00\",\"dateModified\":\"2023-06-29T11:08:27+00:00\",\"description\":\"Stuudiot renditakse tervikuna. \\u00dc\\u00fcrilev\\u00f5tja kasutusse on antud ruum \\u00fcrituste l\\u00e4biviimiseks, sh n\\u00f5ud ja s\\u00f6\\u00f6giriistad, televiisor, kohvimasin (kohviubadega)\",\"breadcrumb\":{\"@id\":\"https:\/\/atmosphera.ee\/et\/stuudio-rent\/#breadcrumb\"},\"inLanguage\":\"et\",\"potentialAction\":[{\"@type\":\"ReadAction\",\"target\":[\"https:\/\/atmosphera.ee\/et\/stuudio-rent\/\"]}]},{\"@type\":\"BreadcrumbList\",\"@id\":\"https:\/\/atmosphera.ee\/et\/stuudio-rent\/#breadcrumb\",\"itemListElement\":[{\"@type\":\"ListItem\",\"position\":1,\"name\":\"\\u0413\\u043b\\u0430\\u0432\\u043d\\u0430\\u044f \\u0441\\u0442\\u0440\\u0430\\u043d\\u0438\\u0446\\u0430\",\"item\":\"https:\/\/atmosphera.ee\/et\/\"},{\"@type\":\"ListItem\",\"position\":2,\"name\":\"Stuudio rent \/ Hinnad\"}]}]}<\/script>\n<!-- \/ Yoast SEO plugin. -->","yoast_head_json":{"title":"Stuudio rent \/ Hinnad - atmosphera.ee","description":"Stuudiot renditakse tervikuna. \u00dc\u00fcrilev\u00f5tja kasutusse on antud ruum \u00fcrituste l\u00e4biviimiseks, sh n\u00f5ud ja s\u00f6\u00f6giriistad, televiisor, kohvimasin (kohviubadega)","robots":{"index":"index","follow":"follow","max-snippet":"max-snippet:-1","max-image-preview":"max-image-preview:large","max-video-preview":"max-video-preview:-1"},"canonical":"https:\/\/atmosphera.ee\/et\/stuudio-rent\/","og_locale":"et_EE","og_type":"article","og_title":"Stuudio rent \/ Hinnad - atmosphera.ee","og_description":"Stuudiot renditakse tervikuna. \u00dc\u00fcrilev\u00f5tja kasutusse on antud ruum \u00fcrituste l\u00e4biviimiseks, sh n\u00f5ud ja s\u00f6\u00f6giriistad, televiisor, kohvimasin (kohviubadega)","og_url":"https:\/\/atmosphera.ee\/et\/stuudio-rent\/","og_site_name":"atmosphera.ee","article_modified_time":"2023-06-29T11:08:27+00:00","og_image":[{"url":"https:\/\/atmosphera.ee\/wp-content\/uploads\/2021\/04\/1I3A6007-300x200.jpg"}],"twitter_card":"summary_large_image","twitter_misc":{"Est. reading time":"1 minut"},"schema":{"@context":"https:\/\/schema.org","@graph":[{"@type":"Organization","@id":"https:\/\/atmosphera.ee\/#organization","name":"Atmosphera peostuudio","url":"https:\/\/atmosphera.ee\/","sameAs":[],"logo":{"@type":"ImageObject","@id":"https:\/\/atmosphera.ee\/#logo","inLanguage":"et","url":"https:\/\/atmosphera.ee\/wp-content\/uploads\/2020\/12\/cropped-FullColor_1280x1024_300dpi-1.png","contentUrl":"https:\/\/atmosphera.ee\/wp-content\/uploads\/2020\/12\/cropped-FullColor_1280x1024_300dpi-1.png","width":4263,"height":4266,"caption":"Atmosphera peostuudio"},"image":{"@id":"https:\/\/atmosphera.ee\/#logo"}},{"@type":"WebSite","@id":"https:\/\/atmosphera.ee\/#website","url":"https:\/\/atmosphera.ee\/","name":"atmosphera.ee","description":"","publisher":{"@id":"https:\/\/atmosphera.ee\/#organization"},"potentialAction":[{"@type":"SearchAction","target":{"@type":"EntryPoint","urlTemplate":"https:\/\/atmosphera.ee\/?s={search_term_string}"},"query-input":"required name=search_term_string"}],"inLanguage":"et"},{"@type":"ImageObject","@id":"https:\/\/atmosphera.ee\/et\/stuudio-rent\/#primaryimage","inLanguage":"et","url":"https:\/\/atmosphera.ee\/wp-content\/uploads\/2021\/04\/1I3A6007-300x200.jpg","contentUrl":"https:\/\/atmosphera.ee\/wp-content\/uploads\/2021\/04\/1I3A6007-300x200.jpg"},{"@type":"WebPage","@id":"https:\/\/atmosphera.ee\/et\/stuudio-rent\/#webpage","url":"https:\/\/atmosphera.ee\/et\/stuudio-rent\/","name":"Stuudio rent \/ Hinnad - atmosphera.ee","isPartOf":{"@id":"https:\/\/atmosphera.ee\/#website"},"primaryImageOfPage":{"@id":"https:\/\/atmosphera.ee\/et\/stuudio-rent\/#primaryimage"},"datePublished":"2017-09-18T12:50:44+00:00","dateModified":"2023-06-29T11:08:27+00:00","description":"Stuudiot renditakse tervikuna. \u00dc\u00fcrilev\u00f5tja kasutusse on antud ruum \u00fcrituste l\u00e4biviimiseks, sh n\u00f5ud ja s\u00f6\u00f6giriistad, televiisor, kohvimasin (kohviubadega)","breadcrumb":{"@id":"https:\/\/atmosphera.ee\/et\/stuudio-rent\/#breadcrumb"},"inLanguage":"et","potentialAction":[{"@type":"ReadAction","target":["https:\/\/atmosphera.ee\/et\/stuudio-rent\/"]}]},{"@type":"BreadcrumbList","@id":"https:\/\/atmosphera.ee\/et\/stuudio-rent\/#breadcrumb","itemListElement":[{"@type":"ListItem","position":1,"name":"\u0413\u043b\u0430\u0432\u043d\u0430\u044f \u0441\u0442\u0440\u0430\u043d\u0438\u0446\u0430","item":"https:\/\/atmosphera.ee\/et\/"},{"@type":"ListItem","position":2,"name":"Stuudio rent \/ Hinnad"}]}]}},"_links":{"self":[{"href":"https:\/\/atmosphera.ee\/et\/wp-json\/wp\/v2\/pages\/198"}],"collection":[{"href":"https:\/\/atmosphera.ee\/et\/wp-json\/wp\/v2\/pages"}],"about":[{"href":"https:\/\/atmosphera.ee\/et\/wp-json\/wp\/v2\/types\/page"}],"author":[{"embeddable":true,"href":"https:\/\/atmosphera.ee\/et\/wp-json\/wp\/v2\/users\/1"}],"replies":[{"embeddable":true,"href":"https:\/\/atmosphera.ee\/et\/wp-json\/wp\/v2\/comments?post=198"}],"version-history":[{"count":28,"href":"https:\/\/atmosphera.ee\/et\/wp-json\/wp\/v2\/pages\/198\/revisions"}],"predecessor-version":[{"id":673,"href":"https:\/\/atmosphera.ee\/et\/wp-json\/wp\/v2\/pages\/198\/revisions\/673"}],"wp:attachment":[{"href":"https:\/\/atmosphera.ee\/et\/wp-json\/wp\/v2\/media?parent=198"}],"curies":[{"name":"wp","href":"https:\/\/api.w.org\/{rel}","templated":true}]}}